{"id":5019,"date":"2023-10-09T20:18:03","date_gmt":"2023-10-09T19:18:03","guid":{"rendered":"https:\/\/eyp.cz\/en\/events\/?page_id=5019"},"modified":"2024-01-07T14:09:28","modified_gmt":"2024-01-07T13:09:28","slug":"safe-team","status":"publish","type":"page","link":"https:\/\/eyp.cz\/en\/events\/olm23\/contacts\/safe-team\/","title":{"rendered":"OLM23 Safe Team"},"content":{"rendered":"\t\t<div data-elementor-type=\"wp-page\" data-elementor-id=\"5019\" class=\"elementor elementor-5019\" data-elementor-settings=\"{&quot;ha_cmc_init_switcher&quot;:&quot;no&quot;}\">\n\t\t\t\t<div class=\"elementor-element elementor-element-a33e031 e-flex e-con-boxed e-con e-parent\" data-id=\"a33e031\" data-element_type=\"container\" data-settings=\"{&quot;background_background&quot;:&quot;classic&quot;,&quot;shape_divider_top&quot;:&quot;mountains&quot;,&quot;_ha_eqh_enable&quot;:false}\">\n\t\t\t\t\t<div class=\"e-con-inner\">\n\t\t\t\t<div class=\"elementor-shape elementor-shape-top\" aria-hidden=\"true\" data-negative=\"false\">\n\t\t\t<svg xmlns=\"http:\/\/www.w3.org\/2000\/svg\" viewBox=\"0 0 1000 100\" preserveAspectRatio=\"none\">\n\t<path class=\"elementor-shape-fill\" opacity=\"0.33\" d=\"M473,67.3c-203.9,88.3-263.1-34-320.3,0C66,119.1,0,59.7,0,59.7V0h1000v59.7 c0,0-62.1,26.1-94.9,29.3c-32.8,3.3-62.8-12.3-75.8-22.1C806,49.6,745.3,8.7,694.9,4.7S492.4,59,473,67.3z\"\/>\n\t<path class=\"elementor-shape-fill\" opacity=\"0.66\" d=\"M734,67.3c-45.5,0-77.2-23.2-129.1-39.1c-28.6-8.7-150.3-10.1-254,39.1 s-91.7-34.4-149.2,0C115.7,118.3,0,39.8,0,39.8V0h1000v36.5c0,0-28.2-18.5-92.1-18.5C810.2,18.1,775.7,67.3,734,67.3z\"\/>\n\t<path class=\"elementor-shape-fill\" d=\"M766.1,28.9c-200-57.5-266,65.5-395.1,19.5C242,1.8,242,5.4,184.8,20.6C128,35.8,132.3,44.9,89.9,52.5C28.6,63.7,0,0,0,0 h1000c0,0-9.9,40.9-83.6,48.1S829.6,47,766.1,28.9z\"\/>\n<\/svg>\t\t<\/div>\n\t\t\t\t<div class=\"elementor-element elementor-element-6bbe02d elementor-widget elementor-widget-heading\" data-id=\"6bbe02d\" data-element_type=\"widget\" data-widget_type=\"heading.default\">\n\t\t\t\t<div class=\"elementor-widget-container\">\n\t\t\t\t\t<h2 class=\"elementor-heading-title elementor-size-default\">Safe Team<\/h2>\t\t\t\t<\/div>\n\t\t\t\t<\/div>\n\t\t\t\t\t<\/div>\n\t\t\t\t<\/div>\n\t\t<div class=\"elementor-element elementor-element-05e335f e-flex e-con-boxed e-con e-parent\" data-id=\"05e335f\" data-element_type=\"container\" data-settings=\"{&quot;background_background&quot;:&quot;classic&quot;,&quot;_ha_eqh_enable&quot;:false}\">\n\t\t\t\t\t<div class=\"e-con-inner\">\n\t\t\t\t<div class=\"elementor-element elementor-element-2ede681 elementor-widget__width-initial elementor-widget-mobile__width-initial elementor-position-top elementor-widget elementor-widget-image-box\" data-id=\"2ede681\" data-element_type=\"widget\" data-widget_type=\"image-box.default\">\n\t\t\t\t<div class=\"elementor-widget-container\">\n\t\t\t\t\t<div class=\"elementor-image-box-wrapper\"><figure class=\"elementor-image-box-img\"><img fetchpriority=\"high\" decoding=\"async\" width=\"2560\" height=\"2341\" src=\"https:\/\/eyp.cz\/en\/events\/wp-content\/uploads\/2023\/10\/Sarah-Benesova-CZ-Event-Safeperson-1-scaled.jpeg\" class=\"attachment-full size-full wp-image-5331\" alt=\"\" srcset=\"https:\/\/eyp.cz\/en\/events\/wp-content\/uploads\/2023\/10\/Sarah-Benesova-CZ-Event-Safeperson-1-scaled.jpeg 2560w, https:\/\/eyp.cz\/en\/events\/wp-content\/uploads\/2023\/10\/Sarah-Benesova-CZ-Event-Safeperson-1-300x274.jpeg 300w, https:\/\/eyp.cz\/en\/events\/wp-content\/uploads\/2023\/10\/Sarah-Benesova-CZ-Event-Safeperson-1-1024x936.jpeg 1024w, https:\/\/eyp.cz\/en\/events\/wp-content\/uploads\/2023\/10\/Sarah-Benesova-CZ-Event-Safeperson-1-768x702.jpeg 768w, https:\/\/eyp.cz\/en\/events\/wp-content\/uploads\/2023\/10\/Sarah-Benesova-CZ-Event-Safeperson-1-1536x1404.jpeg 1536w, https:\/\/eyp.cz\/en\/events\/wp-content\/uploads\/2023\/10\/Sarah-Benesova-CZ-Event-Safeperson-1-2048x1873.jpeg 2048w\" sizes=\"(max-width: 2560px) 100vw, 2560px\" \/><\/figure><div class=\"elementor-image-box-content\"><h3 class=\"elementor-image-box-title\">Sarah Bene\u0161ov\u00e1 (CZ) - Event Safe Person<\/h3><p class=\"elementor-image-box-description\">Email: benesova.s@eyp.cz<\/p><\/div><\/div>\t\t\t\t<\/div>\n\t\t\t\t<\/div>\n\t\t\t\t<div class=\"elementor-element elementor-element-7eb4e2f elementor-position-top elementor-widget elementor-widget-image-box\" data-id=\"7eb4e2f\" data-element_type=\"widget\" data-widget_type=\"image-box.default\">\n\t\t\t\t<div class=\"elementor-widget-container\">\n\t\t\t\t\t<div class=\"elementor-image-box-wrapper\"><figure class=\"elementor-image-box-img\"><img decoding=\"async\" width=\"893\" height=\"893\" src=\"https:\/\/eyp.cz\/en\/events\/wp-content\/uploads\/2023\/10\/Hana-Vicherkova-CZ-National-Safeperson.png\" class=\"attachment-full size-full wp-image-5332\" alt=\"\" srcset=\"https:\/\/eyp.cz\/en\/events\/wp-content\/uploads\/2023\/10\/Hana-Vicherkova-CZ-National-Safeperson.png 893w, https:\/\/eyp.cz\/en\/events\/wp-content\/uploads\/2023\/10\/Hana-Vicherkova-CZ-National-Safeperson-300x300.png 300w, https:\/\/eyp.cz\/en\/events\/wp-content\/uploads\/2023\/10\/Hana-Vicherkova-CZ-National-Safeperson-150x150.png 150w, https:\/\/eyp.cz\/en\/events\/wp-content\/uploads\/2023\/10\/Hana-Vicherkova-CZ-National-Safeperson-768x768.png 768w\" sizes=\"(max-width: 893px) 100vw, 893px\" \/><\/figure><div class=\"elementor-image-box-content\"><h3 class=\"elementor-image-box-title\">Hana Vicherkov\u00e1 (CZ) - National Safe Person<\/h3><p class=\"elementor-image-box-description\">Email: vicherkova@eyp.cz<\/p><\/div><\/div>\t\t\t\t<\/div>\n\t\t\t\t<\/div>\n\t\t\t\t\t<\/div>\n\t\t\t\t<\/div>\n\t\t<div class=\"elementor-element elementor-element-4113fa3 e-flex e-con-boxed e-con e-parent\" data-id=\"4113fa3\" data-element_type=\"container\" data-settings=\"{&quot;background_background&quot;:&quot;classic&quot;,&quot;shape_divider_top&quot;:&quot;mountains&quot;,&quot;_ha_eqh_enable&quot;:false}\">\n\t\t\t\t\t<div class=\"e-con-inner\">\n\t\t\t\t<div class=\"elementor-shape elementor-shape-top\" aria-hidden=\"true\" data-negative=\"false\">\n\t\t\t<svg xmlns=\"http:\/\/www.w3.org\/2000\/svg\" viewBox=\"0 0 1000 100\" preserveAspectRatio=\"none\">\n\t<path class=\"elementor-shape-fill\" opacity=\"0.33\" d=\"M473,67.3c-203.9,88.3-263.1-34-320.3,0C66,119.1,0,59.7,0,59.7V0h1000v59.7 c0,0-62.1,26.1-94.9,29.3c-32.8,3.3-62.8-12.3-75.8-22.1C806,49.6,745.3,8.7,694.9,4.7S492.4,59,473,67.3z\"\/>\n\t<path class=\"elementor-shape-fill\" opacity=\"0.66\" d=\"M734,67.3c-45.5,0-77.2-23.2-129.1-39.1c-28.6-8.7-150.3-10.1-254,39.1 s-91.7-34.4-149.2,0C115.7,118.3,0,39.8,0,39.8V0h1000v36.5c0,0-28.2-18.5-92.1-18.5C810.2,18.1,775.7,67.3,734,67.3z\"\/>\n\t<path class=\"elementor-shape-fill\" d=\"M766.1,28.9c-200-57.5-266,65.5-395.1,19.5C242,1.8,242,5.4,184.8,20.6C128,35.8,132.3,44.9,89.9,52.5C28.6,63.7,0,0,0,0 h1000c0,0-9.9,40.9-83.6,48.1S829.6,47,766.1,28.9z\"\/>\n<\/svg>\t\t<\/div>\n\t\t\t\t\t<\/div>\n\t\t\t\t<\/div>\n\t\t<div class=\"elementor-element elementor-element-c7d33dc e-flex e-con-boxed e-con e-parent\" data-id=\"c7d33dc\" data-element_type=\"container\" data-settings=\"{&quot;background_background&quot;:&quot;classic&quot;,&quot;_ha_eqh_enable&quot;:false}\">\n\t\t\t\t\t<div class=\"e-con-inner\">\n\t\t\t\t<div class=\"elementor-element elementor-element-b1d5302 elementor-widget elementor-widget-heading\" data-id=\"b1d5302\" data-element_type=\"widget\" data-widget_type=\"heading.default\">\n\t\t\t\t<div class=\"elementor-widget-container\">\n\t\t\t\t\t<h2 class=\"elementor-heading-title elementor-size-default\">Event Safety<\/h2>\t\t\t\t<\/div>\n\t\t\t\t<\/div>\n\t\t\t\t<div class=\"elementor-element elementor-element-6425ea2 elementor-widget elementor-widget-text-editor\" data-id=\"6425ea2\" data-element_type=\"widget\" data-widget_type=\"text-editor.default\">\n\t\t\t\t<div class=\"elementor-widget-container\">\n\t\t\t\t\t\t\t\t\t<p><span style=\"font-weight: 400\">To ensure that the 14th Regional Selection Conference of EYP CZ Olomouc 2023 is a safe, respectful and friendly environment for all the participants, an<\/span><b> Event Safe Person<\/b><span style=\"font-weight: 400\"> will be available during and even before the Session. <\/span><b>Sarah Bene\u0161ov\u00e1<\/b><span style=\"font-weight: 400\"> will fulfil this role joined by the <\/span><b>National Safe Person, Hana Vicherkov\u00e1.<\/b><\/p>\n<p><\/p>\n<p><span style=\"font-weight: 400\">You can contact an Event Safe Person in <\/span><b>case of personal or work conflict<\/b><span style=\"font-weight: 400\"> or if you experience <\/span><b>any behaviour that you find inappropriate, disrespectful or uncomfortable<\/b><span style=\"font-weight: 400\">. They provide a<\/span><b> safe discreet space <\/b><span style=\"font-weight: 400\">to either resolve conflict between two persons or to be there for an individual. Event Safe Person will also always help you only in the capacity in which you want.&nbsp;<\/span><\/p>\n<p><\/p>\n<p><span style=\"font-weight: 400\">If you experience any situation you would like to discuss with the Event Safe Person, feel free to reach out at <\/span><b>any time before or during the Conference<\/b><span style=\"font-weight: 400\"> via email at <\/span><a href=\"mailto:benesova.s@eyp.cz\"><b>benesova.s@eyp.c<\/b><\/a><b>z<\/b><span style=\"font-weight: 400\">. Or you can contact Hana as a National Safe Person via email at <\/span><a href=\"mailto:vicherkova@eyp.cz\"><b>vicherkova@eyp.<\/b><\/a><b>cz<\/b>.<\/p>\t\t\t\t\t\t\t\t<\/div>\n\t\t\t\t<\/div>\n\t\t\t\t\t<\/div>\n\t\t\t\t<\/div>\n\t\t<div class=\"elementor-element elementor-element-7a7b0b5 e-flex e-con-boxed e-con e-parent\" data-id=\"7a7b0b5\" data-element_type=\"container\" data-settings=\"{&quot;background_background&quot;:&quot;classic&quot;,&quot;_ha_eqh_enable&quot;:false}\">\n\t\t\t\t\t<div class=\"e-con-inner\">\n\t\t\t\t\t<\/div>\n\t\t\t\t<\/div>\n\t\t\t\t<\/div>\n\t\t","protected":false},"excerpt":{"rendered":"<p>Safe Team Sarah Bene\u0161ov\u00e1 (CZ) &#8211; Event Safe Person Email: benesova.s@eyp.cz Hana Vicherkov\u00e1 (CZ) &#8211; National Safe Person Email: vicherkova@eyp.cz Event Safety To ensure that the 14th Regional Selection Conference of EYP CZ Olomouc 2023 is a safe, respectful and friendly environment for all the participants, an Event Safe Person will be available during and [&hellip;]<\/p>\n","protected":false},"author":1,"featured_media":0,"parent":2403,"menu_order":4,"comment_status":"closed","ping_status":"closed","template":"","meta":{"site-sidebar-layout":"no-sidebar","site-content-layout":"page-builder","ast-site-content-layout":"","site-content-style":"default","site-sidebar-style":"default","ast-global-header-display":"","ast-banner-title-visibility":"","ast-main-header-display":"","ast-hfb-above-header-display":"","ast-hfb-below-header-display":"","ast-hfb-mobile-header-display":"","site-post-title":"disabled","ast-breadcrumbs-content":"","ast-featured-img":"disabled","footer-sml-layout":"","theme-transparent-header-meta":"default","adv-header-id-meta":"","stick-header-meta":"","header-above-stick-meta":"","header-main-stick-meta":"","header-below-stick-meta":"","astra-migrate-meta-layouts":"default","ast-page-background-enabled":"default","ast-page-background-meta":{"desktop":{"background-color":"var(--ast-global-color-4)","background-image":"","background-repeat":"repeat","background-position":"center center","background-size":"auto","background-attachment":"scroll","background-type":"","background-media":"","overlay-type":"","overlay-color":"","overlay-opacity":"","overlay-gradient":""},"tablet":{"background-color":"","background-image":"","background-repeat":"repeat","background-position":"center center","background-size":"auto","background-attachment":"scroll","background-type":"","background-media":"","overlay-type":"","overlay-color":"","overlay-opacity":"","overlay-gradient":""},"mobile":{"background-color":"","background-image":"","background-repeat":"repeat","background-position":"center center","background-size":"auto","background-attachment":"scroll","background-type":"","background-media":"","overlay-type":"","overlay-color":"","overlay-opacity":"","overlay-gradient":""}},"ast-content-background-meta":{"desktop":{"background-color":"var(--ast-global-color-5)","background-image":"","background-repeat":"repeat","background-position":"center center","background-size":"auto","background-attachment":"scroll","background-type":"","background-media":"","overlay-type":"","overlay-color":"","overlay-opacity":"","overlay-gradient":""},"tablet":{"background-color":"var(--ast-global-color-5)","background-image":"","background-repeat":"repeat","background-position":"center center","background-size":"auto","background-attachment":"scroll","background-type":"","background-media":"","overlay-type":"","overlay-color":"","overlay-opacity":"","overlay-gradient":""},"mobile":{"background-color":"var(--ast-global-color-5)","background-image":"","background-repeat":"repeat","background-position":"center center","background-size":"auto","background-attachment":"scroll","background-type":"","background-media":"","overlay-type":"","overlay-color":"","overlay-opacity":"","overlay-gradient":""}},"footnotes":""},"class_list":["post-5019","page","type-page","status-publish","hentry"],"yoast_head":"<!-- This site is optimized with the Yoast SEO plugin v25.5 - https:\/\/yoast.com\/wordpress\/plugins\/seo\/ -->\n<title>OLM23 Safe Team - Events of EYP CZ<\/title>\n<meta name=\"robots\" content=\"index, follow, max-snippet:-1, max-image-preview:large, max-video-preview:-1\" \/>\n<link rel=\"canonical\" href=\"https:\/\/eyp.cz\/en\/events\/olm23\/contacts\/safe-team\/\" \/>\n<meta property=\"og:locale\" content=\"en_US\" \/>\n<meta property=\"og:type\" content=\"article\" \/>\n<meta property=\"og:title\" content=\"OLM23 Safe Team - Events of EYP CZ\" \/>\n<meta property=\"og:description\" content=\"Safe Team Sarah Bene\u0161ov\u00e1 (CZ) &#8211; Event Safe Person Email: benesova.s@eyp.cz Hana Vicherkov\u00e1 (CZ) &#8211; National Safe Person Email: vicherkova@eyp.cz Event Safety To ensure that the 14th Regional Selection Conference of EYP CZ Olomouc 2023 is a safe, respectful and friendly environment for all the participants, an Event Safe Person will be available during and [&hellip;]\" \/>\n<meta property=\"og:url\" content=\"https:\/\/eyp.cz\/en\/events\/olm23\/contacts\/safe-team\/\" \/>\n<meta property=\"og:site_name\" content=\"Events of EYP CZ\" \/>\n<meta property=\"article:publisher\" content=\"https:\/\/www.facebook.com\/rsc.eyp.cz\" \/>\n<meta property=\"article:modified_time\" content=\"2024-01-07T13:09:28+00:00\" \/>\n<meta property=\"og:image\" content=\"https:\/\/eyp.cz\/en\/events\/wp-content\/uploads\/2023\/10\/Sarah-Benesova-CZ-Event-Safeperson-1-scaled.jpeg\" \/>\n<meta name=\"twitter:card\" content=\"summary_large_image\" \/>\n<meta name=\"twitter:label1\" content=\"Est. reading time\" \/>\n\t<meta name=\"twitter:data1\" content=\"2 minutes\" \/>\n<script type=\"application\/ld+json\" class=\"yoast-schema-graph\">{\"@context\":\"https:\/\/schema.org\",\"@graph\":[{\"@type\":\"WebPage\",\"@id\":\"https:\/\/eyp.cz\/en\/events\/olm23\/contacts\/safe-team\/\",\"url\":\"https:\/\/eyp.cz\/en\/events\/olm23\/contacts\/safe-team\/\",\"name\":\"OLM23 Safe Team - Events of EYP CZ\",\"isPartOf\":{\"@id\":\"https:\/\/eyp.cz\/en\/events\/#website\"},\"primaryImageOfPage\":{\"@id\":\"https:\/\/eyp.cz\/en\/events\/olm23\/contacts\/safe-team\/#primaryimage\"},\"image\":{\"@id\":\"https:\/\/eyp.cz\/en\/events\/olm23\/contacts\/safe-team\/#primaryimage\"},\"thumbnailUrl\":\"https:\/\/eyp.cz\/en\/events\/wp-content\/uploads\/2023\/10\/Sarah-Benesova-CZ-Event-Safeperson-1-scaled.jpeg\",\"datePublished\":\"2023-10-09T19:18:03+00:00\",\"dateModified\":\"2024-01-07T13:09:28+00:00\",\"breadcrumb\":{\"@id\":\"https:\/\/eyp.cz\/en\/events\/olm23\/contacts\/safe-team\/#breadcrumb\"},\"inLanguage\":\"en-US\",\"potentialAction\":[{\"@type\":\"ReadAction\",\"target\":[\"https:\/\/eyp.cz\/en\/events\/olm23\/contacts\/safe-team\/\"]}]},{\"@type\":\"ImageObject\",\"inLanguage\":\"en-US\",\"@id\":\"https:\/\/eyp.cz\/en\/events\/olm23\/contacts\/safe-team\/#primaryimage\",\"url\":\"https:\/\/eyp.cz\/en\/events\/wp-content\/uploads\/2023\/10\/Sarah-Benesova-CZ-Event-Safeperson-1-scaled.jpeg\",\"contentUrl\":\"https:\/\/eyp.cz\/en\/events\/wp-content\/uploads\/2023\/10\/Sarah-Benesova-CZ-Event-Safeperson-1-scaled.jpeg\",\"width\":2560,\"height\":2341},{\"@type\":\"BreadcrumbList\",\"@id\":\"https:\/\/eyp.cz\/en\/events\/olm23\/contacts\/safe-team\/#breadcrumb\",\"itemListElement\":[{\"@type\":\"ListItem\",\"position\":1,\"name\":\"Home\",\"item\":\"https:\/\/eyp.cz\/en\/events\/\"},{\"@type\":\"ListItem\",\"position\":2,\"name\":\"Olomouc 23\",\"item\":\"https:\/\/eyp.cz\/en\/events\/olm23\/\"},{\"@type\":\"ListItem\",\"position\":3,\"name\":\"OLM23 Contact\",\"item\":\"https:\/\/eyp.cz\/en\/events\/olm23\/contacts\/\"},{\"@type\":\"ListItem\",\"position\":4,\"name\":\"OLM23 Safe Team\"}]},{\"@type\":\"WebSite\",\"@id\":\"https:\/\/eyp.cz\/en\/events\/#website\",\"url\":\"https:\/\/eyp.cz\/en\/events\/\",\"name\":\"Events of EYP CZ\",\"description\":\"Regional Selection Conferences of EYP CZ 2024\",\"publisher\":{\"@id\":\"https:\/\/eyp.cz\/en\/events\/#organization\"},\"potentialAction\":[{\"@type\":\"SearchAction\",\"target\":{\"@type\":\"EntryPoint\",\"urlTemplate\":\"https:\/\/eyp.cz\/en\/events\/?s={search_term_string}\"},\"query-input\":{\"@type\":\"PropertyValueSpecification\",\"valueRequired\":true,\"valueName\":\"search_term_string\"}}],\"inLanguage\":\"en-US\"},{\"@type\":\"Organization\",\"@id\":\"https:\/\/eyp.cz\/en\/events\/#organization\",\"name\":\"Events of EYP CZ\",\"url\":\"https:\/\/eyp.cz\/en\/events\/\",\"logo\":{\"@type\":\"ImageObject\",\"inLanguage\":\"en-US\",\"@id\":\"https:\/\/eyp.cz\/en\/events\/#\/schema\/logo\/image\/\",\"url\":\"https:\/\/eyp.cz\/en\/events\/wp-content\/uploads\/2023\/07\/RSC23_Color_cropped.png\",\"contentUrl\":\"https:\/\/eyp.cz\/en\/events\/wp-content\/uploads\/2023\/07\/RSC23_Color_cropped.png\",\"width\":785,\"height\":771,\"caption\":\"Events of EYP CZ\"},\"image\":{\"@id\":\"https:\/\/eyp.cz\/en\/events\/#\/schema\/logo\/image\/\"},\"sameAs\":[\"https:\/\/www.facebook.com\/rsc.eyp.cz\",\"https:\/\/www.instagram.com\/eyp_cz\/\"]}]}<\/script>\n<!-- \/ Yoast SEO plugin. -->","yoast_head_json":{"title":"OLM23 Safe Team - Events of EYP CZ","robots":{"index":"index","follow":"follow","max-snippet":"max-snippet:-1","max-image-preview":"max-image-preview:large","max-video-preview":"max-video-preview:-1"},"canonical":"https:\/\/eyp.cz\/en\/events\/olm23\/contacts\/safe-team\/","og_locale":"en_US","og_type":"article","og_title":"OLM23 Safe Team - Events of EYP CZ","og_description":"Safe Team Sarah Bene\u0161ov\u00e1 (CZ) &#8211; Event Safe Person Email: benesova.s@eyp.cz Hana Vicherkov\u00e1 (CZ) &#8211; National Safe Person Email: vicherkova@eyp.cz Event Safety To ensure that the 14th Regional Selection Conference of EYP CZ Olomouc 2023 is a safe, respectful and friendly environment for all the participants, an Event Safe Person will be available during and [&hellip;]","og_url":"https:\/\/eyp.cz\/en\/events\/olm23\/contacts\/safe-team\/","og_site_name":"Events of EYP CZ","article_publisher":"https:\/\/www.facebook.com\/rsc.eyp.cz","article_modified_time":"2024-01-07T13:09:28+00:00","og_image":[{"url":"https:\/\/eyp.cz\/en\/events\/wp-content\/uploads\/2023\/10\/Sarah-Benesova-CZ-Event-Safeperson-1-scaled.jpeg","type":"","width":"","height":""}],"twitter_card":"summary_large_image","twitter_misc":{"Est. reading time":"2 minutes"},"schema":{"@context":"https:\/\/schema.org","@graph":[{"@type":"WebPage","@id":"https:\/\/eyp.cz\/en\/events\/olm23\/contacts\/safe-team\/","url":"https:\/\/eyp.cz\/en\/events\/olm23\/contacts\/safe-team\/","name":"OLM23 Safe Team - Events of EYP CZ","isPartOf":{"@id":"https:\/\/eyp.cz\/en\/events\/#website"},"primaryImageOfPage":{"@id":"https:\/\/eyp.cz\/en\/events\/olm23\/contacts\/safe-team\/#primaryimage"},"image":{"@id":"https:\/\/eyp.cz\/en\/events\/olm23\/contacts\/safe-team\/#primaryimage"},"thumbnailUrl":"https:\/\/eyp.cz\/en\/events\/wp-content\/uploads\/2023\/10\/Sarah-Benesova-CZ-Event-Safeperson-1-scaled.jpeg","datePublished":"2023-10-09T19:18:03+00:00","dateModified":"2024-01-07T13:09:28+00:00","breadcrumb":{"@id":"https:\/\/eyp.cz\/en\/events\/olm23\/contacts\/safe-team\/#breadcrumb"},"inLanguage":"en-US","potentialAction":[{"@type":"ReadAction","target":["https:\/\/eyp.cz\/en\/events\/olm23\/contacts\/safe-team\/"]}]},{"@type":"ImageObject","inLanguage":"en-US","@id":"https:\/\/eyp.cz\/en\/events\/olm23\/contacts\/safe-team\/#primaryimage","url":"https:\/\/eyp.cz\/en\/events\/wp-content\/uploads\/2023\/10\/Sarah-Benesova-CZ-Event-Safeperson-1-scaled.jpeg","contentUrl":"https:\/\/eyp.cz\/en\/events\/wp-content\/uploads\/2023\/10\/Sarah-Benesova-CZ-Event-Safeperson-1-scaled.jpeg","width":2560,"height":2341},{"@type":"BreadcrumbList","@id":"https:\/\/eyp.cz\/en\/events\/olm23\/contacts\/safe-team\/#breadcrumb","itemListElement":[{"@type":"ListItem","position":1,"name":"Home","item":"https:\/\/eyp.cz\/en\/events\/"},{"@type":"ListItem","position":2,"name":"Olomouc 23","item":"https:\/\/eyp.cz\/en\/events\/olm23\/"},{"@type":"ListItem","position":3,"name":"OLM23 Contact","item":"https:\/\/eyp.cz\/en\/events\/olm23\/contacts\/"},{"@type":"ListItem","position":4,"name":"OLM23 Safe Team"}]},{"@type":"WebSite","@id":"https:\/\/eyp.cz\/en\/events\/#website","url":"https:\/\/eyp.cz\/en\/events\/","name":"Events of EYP CZ","description":"Regional Selection Conferences of EYP CZ 2024","publisher":{"@id":"https:\/\/eyp.cz\/en\/events\/#organization"},"potentialAction":[{"@type":"SearchAction","target":{"@type":"EntryPoint","urlTemplate":"https:\/\/eyp.cz\/en\/events\/?s={search_term_string}"},"query-input":{"@type":"PropertyValueSpecification","valueRequired":true,"valueName":"search_term_string"}}],"inLanguage":"en-US"},{"@type":"Organization","@id":"https:\/\/eyp.cz\/en\/events\/#organization","name":"Events of EYP CZ","url":"https:\/\/eyp.cz\/en\/events\/","logo":{"@type":"ImageObject","inLanguage":"en-US","@id":"https:\/\/eyp.cz\/en\/events\/#\/schema\/logo\/image\/","url":"https:\/\/eyp.cz\/en\/events\/wp-content\/uploads\/2023\/07\/RSC23_Color_cropped.png","contentUrl":"https:\/\/eyp.cz\/en\/events\/wp-content\/uploads\/2023\/07\/RSC23_Color_cropped.png","width":785,"height":771,"caption":"Events of EYP CZ"},"image":{"@id":"https:\/\/eyp.cz\/en\/events\/#\/schema\/logo\/image\/"},"sameAs":["https:\/\/www.facebook.com\/rsc.eyp.cz","https:\/\/www.instagram.com\/eyp_cz\/"]}]}},"_links":{"self":[{"href":"https:\/\/eyp.cz\/en\/events\/wp-json\/wp\/v2\/pages\/5019","targetHints":{"allow":["GET"]}}],"collection":[{"href":"https:\/\/eyp.cz\/en\/events\/wp-json\/wp\/v2\/pages"}],"about":[{"href":"https:\/\/eyp.cz\/en\/events\/wp-json\/wp\/v2\/types\/page"}],"author":[{"embeddable":true,"href":"https:\/\/eyp.cz\/en\/events\/wp-json\/wp\/v2\/users\/1"}],"replies":[{"embeddable":true,"href":"https:\/\/eyp.cz\/en\/events\/wp-json\/wp\/v2\/comments?post=5019"}],"version-history":[{"count":31,"href":"https:\/\/eyp.cz\/en\/events\/wp-json\/wp\/v2\/pages\/5019\/revisions"}],"predecessor-version":[{"id":6733,"href":"https:\/\/eyp.cz\/en\/events\/wp-json\/wp\/v2\/pages\/5019\/revisions\/6733"}],"up":[{"embeddable":true,"href":"https:\/\/eyp.cz\/en\/events\/wp-json\/wp\/v2\/pages\/2403"}],"wp:attachment":[{"href":"https:\/\/eyp.cz\/en\/events\/wp-json\/wp\/v2\/media?parent=5019"}],"curies":[{"name":"wp","href":"https:\/\/api.w.org\/{rel}","templated":true}]}}