{"id":10579,"date":"2024-10-18T22:43:14","date_gmt":"2024-10-18T21:43:14","guid":{"rendered":"https:\/\/eyp.cz\/en\/events\/?page_id=10579"},"modified":"2024-10-20T16:32:41","modified_gmt":"2024-10-20T15:32:41","slug":"lit24-panel-debate","status":"publish","type":"page","link":"https:\/\/eyp.cz\/en\/events\/lit24\/programme\/lit24-panel-debate\/","title":{"rendered":"LIT24  Panel Debate"},"content":{"rendered":"\t\t<div data-elementor-type=\"wp-page\" data-elementor-id=\"10579\" class=\"elementor elementor-10579\" data-elementor-settings=\"{&quot;ha_cmc_init_switcher&quot;:&quot;no&quot;}\">\n\t\t\t\t<div class=\"elementor-element elementor-element-09d5a6e e-flex e-con-boxed e-con e-parent\" data-id=\"09d5a6e\" data-element_type=\"container\" data-settings=\"{&quot;background_background&quot;:&quot;classic&quot;,&quot;_ha_eqh_enable&quot;:false}\">\n\t\t\t\t\t<div class=\"e-con-inner\">\n\t\t\t\t<div class=\"elementor-element elementor-element-a576f6f elementor-widget elementor-widget-heading\" data-id=\"a576f6f\" data-element_type=\"widget\" data-widget_type=\"heading.default\">\n\t\t\t\t<div class=\"elementor-widget-container\">\n\t\t\t\t\t<h1 class=\"elementor-heading-title elementor-size-default\">Panel Debate<\/h1>\t\t\t\t<\/div>\n\t\t\t\t<\/div>\n\t\t\t\t\t<\/div>\n\t\t\t\t<\/div>\n\t\t<div class=\"elementor-element elementor-element-a521b0c e-flex e-con-boxed e-con e-parent\" data-id=\"a521b0c\" data-element_type=\"container\" data-settings=\"{&quot;background_background&quot;:&quot;classic&quot;,&quot;shape_divider_top&quot;:&quot;mountains&quot;,&quot;_ha_eqh_enable&quot;:false}\">\n\t\t\t\t\t<div class=\"e-con-inner\">\n\t\t\t\t<div class=\"elementor-shape elementor-shape-top\" aria-hidden=\"true\" data-negative=\"false\">\n\t\t\t<svg xmlns=\"http:\/\/www.w3.org\/2000\/svg\" viewBox=\"0 0 1000 100\" preserveAspectRatio=\"none\">\n\t<path class=\"elementor-shape-fill\" opacity=\"0.33\" d=\"M473,67.3c-203.9,88.3-263.1-34-320.3,0C66,119.1,0,59.7,0,59.7V0h1000v59.7 c0,0-62.1,26.1-94.9,29.3c-32.8,3.3-62.8-12.3-75.8-22.1C806,49.6,745.3,8.7,694.9,4.7S492.4,59,473,67.3z\"\/>\n\t<path class=\"elementor-shape-fill\" opacity=\"0.66\" d=\"M734,67.3c-45.5,0-77.2-23.2-129.1-39.1c-28.6-8.7-150.3-10.1-254,39.1 s-91.7-34.4-149.2,0C115.7,118.3,0,39.8,0,39.8V0h1000v36.5c0,0-28.2-18.5-92.1-18.5C810.2,18.1,775.7,67.3,734,67.3z\"\/>\n\t<path class=\"elementor-shape-fill\" d=\"M766.1,28.9c-200-57.5-266,65.5-395.1,19.5C242,1.8,242,5.4,184.8,20.6C128,35.8,132.3,44.9,89.9,52.5C28.6,63.7,0,0,0,0 h1000c0,0-9.9,40.9-83.6,48.1S829.6,47,766.1,28.9z\"\/>\n<\/svg>\t\t<\/div>\n\t\t<div class=\"elementor-element elementor-element-084f134 e-con-full e-flex e-con e-child\" data-id=\"084f134\" data-element_type=\"container\" data-settings=\"{&quot;_ha_eqh_enable&quot;:false}\">\n\t\t\t\t<div class=\"elementor-element elementor-element-6eda635 elementor-widget elementor-widget-heading\" data-id=\"6eda635\" data-element_type=\"widget\" data-widget_type=\"heading.default\">\n\t\t\t\t<div class=\"elementor-widget-container\">\n\t\t\t\t\t<h2 class=\"elementor-heading-title elementor-size-default\">Hana Mart\u00ednkov\u00e1<\/h2>\t\t\t\t<\/div>\n\t\t\t\t<\/div>\n\t\t\t\t<div class=\"elementor-element elementor-element-603784b elementor-widget elementor-widget-text-editor\" data-id=\"603784b\" data-element_type=\"widget\" data-widget_type=\"text-editor.default\">\n\t\t\t\t<div class=\"elementor-widget-container\">\n\t\t\t\t\t\t\t\t\t<p><span style=\"font-weight: 400\">Hana studied international relations at Charles University and economics at the University of Economics in Prague. She spent a year studying at Brunel University in London. Her passion for foreign affairs and international relations continued after her studies\u2014she co-founded the podcast Za Humny, where she and journalist Barbora Chaloupkov\u00e1 contextualize both small and large topics in international events.\u00a0<\/span><\/p><p>\u00a0<\/p><p><span style=\"font-weight: 400\">Professionally, she has worked on nuclear disarmament at a nonprofit organization, advised large companies on European grants, and spent two years in the media\u2014first as an editorial manager at Respekt, and then as a co-editor at DVTV. She currently works as a foreign policy advisor.<\/span><\/p>\t\t\t\t\t\t\t\t<\/div>\n\t\t\t\t<\/div>\n\t\t\t\t<\/div>\n\t\t<div class=\"elementor-element elementor-element-0f9f930 e-con-full e-flex e-con e-child\" data-id=\"0f9f930\" data-element_type=\"container\" data-settings=\"{&quot;_ha_eqh_enable&quot;:false}\">\n\t\t\t\t<div class=\"elementor-element elementor-element-88469c5 elementor-widget elementor-widget-image\" data-id=\"88469c5\" data-element_type=\"widget\" data-widget_type=\"image.default\">\n\t\t\t\t<div class=\"elementor-widget-container\">\n\t\t\t\t\t\t\t\t\t\t\t\t\t\t\t<img fetchpriority=\"high\" decoding=\"async\" width=\"350\" height=\"500\" src=\"https:\/\/eyp.cz\/en\/events\/wp-content\/uploads\/2024\/10\/f02v32G5dMtbaF-yLvBJneDCj0GGpS2mN6TiyFNYCuNmj_LtdrqDlY6WL1CssbNPVlqNvZkmjD4w_h_QYMjTSp5LdCFzpQZePdrTPAAW6fHln5PgfqEZJwqbtlv7mKBV5cFDxC_q.jpg\" class=\"attachment-large size-large wp-image-11000\" alt=\"\" srcset=\"https:\/\/eyp.cz\/en\/events\/wp-content\/uploads\/2024\/10\/f02v32G5dMtbaF-yLvBJneDCj0GGpS2mN6TiyFNYCuNmj_LtdrqDlY6WL1CssbNPVlqNvZkmjD4w_h_QYMjTSp5LdCFzpQZePdrTPAAW6fHln5PgfqEZJwqbtlv7mKBV5cFDxC_q.jpg 350w, https:\/\/eyp.cz\/en\/events\/wp-content\/uploads\/2024\/10\/f02v32G5dMtbaF-yLvBJneDCj0GGpS2mN6TiyFNYCuNmj_LtdrqDlY6WL1CssbNPVlqNvZkmjD4w_h_QYMjTSp5LdCFzpQZePdrTPAAW6fHln5PgfqEZJwqbtlv7mKBV5cFDxC_q-210x300.jpg 210w\" sizes=\"(max-width: 350px) 100vw, 350px\" \/>\t\t\t\t\t\t\t\t\t\t\t\t\t\t\t<\/div>\n\t\t\t\t<\/div>\n\t\t\t\t<\/div>\n\t\t\t\t\t<\/div>\n\t\t\t\t<\/div>\n\t\t<div class=\"elementor-element elementor-element-677b890 e-flex e-con-boxed e-con e-parent\" data-id=\"677b890\" data-element_type=\"container\" data-settings=\"{&quot;background_background&quot;:&quot;classic&quot;,&quot;_ha_eqh_enable&quot;:false}\">\n\t\t\t\t\t<div class=\"e-con-inner\">\n\t\t\t\t<div class=\"elementor-element elementor-element-c81ea78 elementor-widget__width-initial elementor-widget elementor-widget-image\" data-id=\"c81ea78\" data-element_type=\"widget\" data-widget_type=\"image.default\">\n\t\t\t\t<div class=\"elementor-widget-container\">\n\t\t\t\t\t\t\t\t\t\t\t\t\t\t\t<img decoding=\"async\" width=\"750\" height=\"721\" src=\"https:\/\/eyp.cz\/en\/events\/wp-content\/uploads\/2024\/10\/FSV-UK-erasmus-joint-degree-1-e1601906490542.png\" class=\"attachment-large size-large wp-image-11001\" alt=\"\" srcset=\"https:\/\/eyp.cz\/en\/events\/wp-content\/uploads\/2024\/10\/FSV-UK-erasmus-joint-degree-1-e1601906490542.png 750w, https:\/\/eyp.cz\/en\/events\/wp-content\/uploads\/2024\/10\/FSV-UK-erasmus-joint-degree-1-e1601906490542-300x288.png 300w\" sizes=\"(max-width: 750px) 100vw, 750px\" \/>\t\t\t\t\t\t\t\t\t\t\t\t\t\t\t<\/div>\n\t\t\t\t<\/div>\n\t\t<div class=\"elementor-element elementor-element-6027dab e-con-full e-flex e-con e-child\" data-id=\"6027dab\" data-element_type=\"container\" data-settings=\"{&quot;_ha_eqh_enable&quot;:false}\">\n\t\t\t\t<div class=\"elementor-element elementor-element-f7ea62a elementor-widget elementor-widget-heading\" data-id=\"f7ea62a\" data-element_type=\"widget\" data-widget_type=\"heading.default\">\n\t\t\t\t<div class=\"elementor-widget-container\">\n\t\t\t\t\t<h2 class=\"elementor-heading-title elementor-size-default\">Eli\u0161ka Tomalov\u00e1<\/h2>\t\t\t\t<\/div>\n\t\t\t\t<\/div>\n\t\t\t\t<div class=\"elementor-element elementor-element-10e0e6d elementor-widget elementor-widget-text-editor\" data-id=\"10e0e6d\" data-element_type=\"widget\" data-widget_type=\"text-editor.default\">\n\t\t\t\t<div class=\"elementor-widget-container\">\n\t\t\t\t\t\t\t\t\t<p>Dr. Eli\u0161ka Tomalov\u00e1 is the EPS Consortium Director and Lecturer in Area Studies at the Institute of International Studies. Dr. Tomalov\u00e1 studied Area Studies and French Literature at Charles University in Prague, where she also obtained her PhD in French Cultural Diplomacy. She pursued research activities in the Czech Republic (CEFRES, 2004) and abroad (Institut fran\u00e7ais de g\u00e9opolitique, 2004, CREES, Stanford University, 2005) as a visiting scholar. She worked at the Institute of International Relations, Prague, as a research fellow (2005\u20132012). Since 2005, she has been an Assistant Professor at the Faculty of Social Sciences, Charles University in Prague. In her research and teaching, Eli\u0161ka Tomalov\u00e1 focuses on public and cultural diplomacy, nation branding, and French foreign policy.<\/p>\t\t\t\t\t\t\t\t<\/div>\n\t\t\t\t<\/div>\n\t\t\t\t<\/div>\n\t\t\t\t\t<\/div>\n\t\t\t\t<\/div>\n\t\t<div class=\"elementor-element elementor-element-98ee292 e-flex e-con-boxed e-con e-parent\" data-id=\"98ee292\" data-element_type=\"container\" data-settings=\"{&quot;background_background&quot;:&quot;classic&quot;,&quot;_ha_eqh_enable&quot;:false}\">\n\t\t\t\t\t<div class=\"e-con-inner\">\n\t\t<div class=\"elementor-element elementor-element-b63a89d e-con-full e-flex e-con e-child\" data-id=\"b63a89d\" data-element_type=\"container\" data-settings=\"{&quot;_ha_eqh_enable&quot;:false}\">\n\t\t\t\t<div class=\"elementor-element elementor-element-81da046 elementor-widget elementor-widget-heading\" data-id=\"81da046\" data-element_type=\"widget\" data-widget_type=\"heading.default\">\n\t\t\t\t<div class=\"elementor-widget-container\">\n\t\t\t\t\t<h2 class=\"elementor-heading-title elementor-size-default\">Martin Vok\u00e1lek<\/h2>\t\t\t\t<\/div>\n\t\t\t\t<\/div>\n\t\t\t\t<div class=\"elementor-element elementor-element-06144e5 elementor-widget elementor-widget-text-editor\" data-id=\"06144e5\" data-element_type=\"widget\" data-widget_type=\"text-editor.default\">\n\t\t\t\t<div class=\"elementor-widget-container\">\n\t\t\t\t\t\t\t\t\t<p>Martin Vok\u00e1lek studied international politics and diplomacy at the Faculty of International Relations at the University of Economics in Prague, as well as an MBA program at Zurich University of Applied Sciences in Switzerland and at the Faculty of Business Administration at the University of Economics in Prague. His minor specialization was project management, and he also studied management and law at the Management Centre Innsbruck in Austria.<\/p><p>Since high school, he participated for several years in activities of the European Youth Parliament, served in the Academic Senate of the University of Economics, the Senate of the Faculty of International Relations, and the Disciplinary Committee of the Faculty of International Relations. He is a co-founder of the Czech branch of the student transatlantic think tank European Horizons. He has long been involved in a project at CERMAT, worked at the Institute of International Relations and other institutions, and was also active in the private sector.<\/p><p>Currently, he is the executive director of the Institute for European Policy EUROPEUM, where he joined in 2016 as the head of office and projects. He is interested in economic issues, European security and NATO, hybrid threats, war crimes, and the topic of international law.<\/p>\t\t\t\t\t\t\t\t<\/div>\n\t\t\t\t<\/div>\n\t\t\t\t<\/div>\n\t\t\t\t<div class=\"elementor-element elementor-element-cd594c2 elementor-widget elementor-widget-image\" data-id=\"cd594c2\" data-element_type=\"widget\" data-widget_type=\"image.default\">\n\t\t\t\t<div class=\"elementor-widget-container\">\n\t\t\t\t\t\t\t\t\t\t\t\t\t\t\t<img decoding=\"async\" width=\"300\" height=\"298\" src=\"https:\/\/eyp.cz\/en\/events\/wp-content\/uploads\/2024\/10\/bd3ab1bbcda7013f23b14cb542c991f4-crop-300-300.jpeg\" class=\"attachment-large size-large wp-image-10999\" alt=\"\" srcset=\"https:\/\/eyp.cz\/en\/events\/wp-content\/uploads\/2024\/10\/bd3ab1bbcda7013f23b14cb542c991f4-crop-300-300.jpeg 300w, https:\/\/eyp.cz\/en\/events\/wp-content\/uploads\/2024\/10\/bd3ab1bbcda7013f23b14cb542c991f4-crop-300-300-150x150.jpeg 150w\" sizes=\"(max-width: 300px) 100vw, 300px\" \/>\t\t\t\t\t\t\t\t\t\t\t\t\t\t\t<\/div>\n\t\t\t\t<\/div>\n\t\t\t\t\t<\/div>\n\t\t\t\t<\/div>\n\t\t\t\t<\/div>\n\t\t","protected":false},"excerpt":{"rendered":"<p>Panel Debate Hana Mart\u00ednkov\u00e1 Hana studied international relations at Charles University and economics at the University of Economics in Prague. She spent a year studying at Brunel University in London. Her passion for foreign affairs and international relations continued after her studies\u2014she co-founded the podcast Za Humny, where she and journalist Barbora Chaloupkov\u00e1 contextualize both [&hellip;]<\/p>\n","protected":false},"author":32,"featured_media":0,"parent":10183,"menu_order":0,"comment_status":"closed","ping_status":"closed","template":"","meta":{"site-sidebar-layout":"no-sidebar","site-content-layout":"page-builder","ast-site-content-layout":"full-width-container","site-content-style":"unboxed","site-sidebar-style":"unboxed","ast-global-header-display":"","ast-banner-title-visibility":"","ast-main-header-display":"","ast-hfb-above-header-display":"","ast-hfb-below-header-display":"","ast-hfb-mobile-header-display":"","site-post-title":"disabled","ast-breadcrumbs-content":"","ast-featured-img":"disabled","footer-sml-layout":"","theme-transparent-header-meta":"default","adv-header-id-meta":"","stick-header-meta":"","header-above-stick-meta":"","header-main-stick-meta":"","header-below-stick-meta":"","astra-migrate-meta-layouts":"set","ast-page-background-enabled":"default","ast-page-background-meta":{"desktop":{"background-color":"var(--ast-global-color-4)","background-image":"","background-repeat":"repeat","background-position":"center center","background-size":"auto","background-attachment":"scroll","background-type":"","background-media":"","overlay-type":"","overlay-color":"","overlay-opacity":"","overlay-gradient":""},"tablet":{"background-color":"","background-image":"","background-repeat":"repeat","background-position":"center center","background-size":"auto","background-attachment":"scroll","background-type":"","background-media":"","overlay-type":"","overlay-color":"","overlay-opacity":"","overlay-gradient":""},"mobile":{"background-color":"","background-image":"","background-repeat":"repeat","background-position":"center center","background-size":"auto","background-attachment":"scroll","background-type":"","background-media":"","overlay-type":"","overlay-color":"","overlay-opacity":"","overlay-gradient":""}},"ast-content-background-meta":{"desktop":{"background-color":"var(--ast-global-color-5)","background-image":"","background-repeat":"repeat","background-position":"center center","background-size":"auto","background-attachment":"scroll","background-type":"","background-media":"","overlay-type":"","overlay-color":"","overlay-opacity":"","overlay-gradient":""},"tablet":{"background-color":"var(--ast-global-color-5)","background-image":"","background-repeat":"repeat","background-position":"center center","background-size":"auto","background-attachment":"scroll","background-type":"","background-media":"","overlay-type":"","overlay-color":"","overlay-opacity":"","overlay-gradient":""},"mobile":{"background-color":"var(--ast-global-color-5)","background-image":"","background-repeat":"repeat","background-position":"center center","background-size":"auto","background-attachment":"scroll","background-type":"","background-media":"","overlay-type":"","overlay-color":"","overlay-opacity":"","overlay-gradient":""}},"footnotes":""},"class_list":["post-10579","page","type-page","status-publish","hentry"],"yoast_head":"<!-- This site is optimized with the Yoast SEO plugin v25.5 - https:\/\/yoast.com\/wordpress\/plugins\/seo\/ -->\n<title>LIT24 Panel Debate - Events of EYP CZ<\/title>\n<meta name=\"robots\" content=\"index, follow, max-snippet:-1, max-image-preview:large, max-video-preview:-1\" \/>\n<link rel=\"canonical\" href=\"https:\/\/eyp.cz\/en\/events\/lit24\/programme\/lit24-panel-debate\/\" \/>\n<meta property=\"og:locale\" content=\"en_US\" \/>\n<meta property=\"og:type\" content=\"article\" \/>\n<meta property=\"og:title\" content=\"LIT24 Panel Debate - Events of EYP CZ\" \/>\n<meta property=\"og:description\" content=\"Panel Debate Hana Mart\u00ednkov\u00e1 Hana studied international relations at Charles University and economics at the University of Economics in Prague. She spent a year studying at Brunel University in London. Her passion for foreign affairs and international relations continued after her studies\u2014she co-founded the podcast Za Humny, where she and journalist Barbora Chaloupkov\u00e1 contextualize both [&hellip;]\" \/>\n<meta property=\"og:url\" content=\"https:\/\/eyp.cz\/en\/events\/lit24\/programme\/lit24-panel-debate\/\" \/>\n<meta property=\"og:site_name\" content=\"Events of EYP CZ\" \/>\n<meta property=\"article:publisher\" content=\"https:\/\/www.facebook.com\/rsc.eyp.cz\" \/>\n<meta property=\"article:modified_time\" content=\"2024-10-20T15:32:41+00:00\" \/>\n<meta property=\"og:image\" content=\"https:\/\/eyp.cz\/en\/events\/wp-content\/uploads\/2024\/10\/f02v32G5dMtbaF-yLvBJneDCj0GGpS2mN6TiyFNYCuNmj_LtdrqDlY6WL1CssbNPVlqNvZkmjD4w_h_QYMjTSp5LdCFzpQZePdrTPAAW6fHln5PgfqEZJwqbtlv7mKBV5cFDxC_q.jpg\" \/>\n<meta name=\"twitter:card\" content=\"summary_large_image\" \/>\n<meta name=\"twitter:label1\" content=\"Est. reading time\" \/>\n\t<meta name=\"twitter:data1\" content=\"3 minutes\" \/>\n<script type=\"application\/ld+json\" class=\"yoast-schema-graph\">{\"@context\":\"https:\/\/schema.org\",\"@graph\":[{\"@type\":\"WebPage\",\"@id\":\"https:\/\/eyp.cz\/en\/events\/lit24\/programme\/lit24-panel-debate\/\",\"url\":\"https:\/\/eyp.cz\/en\/events\/lit24\/programme\/lit24-panel-debate\/\",\"name\":\"LIT24 Panel Debate - Events of EYP CZ\",\"isPartOf\":{\"@id\":\"https:\/\/eyp.cz\/en\/events\/#website\"},\"primaryImageOfPage\":{\"@id\":\"https:\/\/eyp.cz\/en\/events\/lit24\/programme\/lit24-panel-debate\/#primaryimage\"},\"image\":{\"@id\":\"https:\/\/eyp.cz\/en\/events\/lit24\/programme\/lit24-panel-debate\/#primaryimage\"},\"thumbnailUrl\":\"https:\/\/eyp.cz\/en\/events\/wp-content\/uploads\/2024\/10\/f02v32G5dMtbaF-yLvBJneDCj0GGpS2mN6TiyFNYCuNmj_LtdrqDlY6WL1CssbNPVlqNvZkmjD4w_h_QYMjTSp5LdCFzpQZePdrTPAAW6fHln5PgfqEZJwqbtlv7mKBV5cFDxC_q.jpg\",\"datePublished\":\"2024-10-18T21:43:14+00:00\",\"dateModified\":\"2024-10-20T15:32:41+00:00\",\"breadcrumb\":{\"@id\":\"https:\/\/eyp.cz\/en\/events\/lit24\/programme\/lit24-panel-debate\/#breadcrumb\"},\"inLanguage\":\"en-US\",\"potentialAction\":[{\"@type\":\"ReadAction\",\"target\":[\"https:\/\/eyp.cz\/en\/events\/lit24\/programme\/lit24-panel-debate\/\"]}]},{\"@type\":\"ImageObject\",\"inLanguage\":\"en-US\",\"@id\":\"https:\/\/eyp.cz\/en\/events\/lit24\/programme\/lit24-panel-debate\/#primaryimage\",\"url\":\"https:\/\/eyp.cz\/en\/events\/wp-content\/uploads\/2024\/10\/f02v32G5dMtbaF-yLvBJneDCj0GGpS2mN6TiyFNYCuNmj_LtdrqDlY6WL1CssbNPVlqNvZkmjD4w_h_QYMjTSp5LdCFzpQZePdrTPAAW6fHln5PgfqEZJwqbtlv7mKBV5cFDxC_q.jpg\",\"contentUrl\":\"https:\/\/eyp.cz\/en\/events\/wp-content\/uploads\/2024\/10\/f02v32G5dMtbaF-yLvBJneDCj0GGpS2mN6TiyFNYCuNmj_LtdrqDlY6WL1CssbNPVlqNvZkmjD4w_h_QYMjTSp5LdCFzpQZePdrTPAAW6fHln5PgfqEZJwqbtlv7mKBV5cFDxC_q.jpg\",\"width\":350,\"height\":500},{\"@type\":\"BreadcrumbList\",\"@id\":\"https:\/\/eyp.cz\/en\/events\/lit24\/programme\/lit24-panel-debate\/#breadcrumb\",\"itemListElement\":[{\"@type\":\"ListItem\",\"position\":1,\"name\":\"Home\",\"item\":\"https:\/\/eyp.cz\/en\/events\/\"},{\"@type\":\"ListItem\",\"position\":2,\"name\":\"Litom\u011b\u0159ice 24\",\"item\":\"https:\/\/eyp.cz\/en\/events\/lit24\/\"},{\"@type\":\"ListItem\",\"position\":3,\"name\":\"LIT24 Session Programme\",\"item\":\"https:\/\/eyp.cz\/en\/events\/lit24\/programme\/\"},{\"@type\":\"ListItem\",\"position\":4,\"name\":\"LIT24 Panel Debate\"}]},{\"@type\":\"WebSite\",\"@id\":\"https:\/\/eyp.cz\/en\/events\/#website\",\"url\":\"https:\/\/eyp.cz\/en\/events\/\",\"name\":\"Events of EYP CZ\",\"description\":\"Regional Selection Conferences of EYP CZ 2024\",\"publisher\":{\"@id\":\"https:\/\/eyp.cz\/en\/events\/#organization\"},\"potentialAction\":[{\"@type\":\"SearchAction\",\"target\":{\"@type\":\"EntryPoint\",\"urlTemplate\":\"https:\/\/eyp.cz\/en\/events\/?s={search_term_string}\"},\"query-input\":{\"@type\":\"PropertyValueSpecification\",\"valueRequired\":true,\"valueName\":\"search_term_string\"}}],\"inLanguage\":\"en-US\"},{\"@type\":\"Organization\",\"@id\":\"https:\/\/eyp.cz\/en\/events\/#organization\",\"name\":\"Events of EYP CZ\",\"url\":\"https:\/\/eyp.cz\/en\/events\/\",\"logo\":{\"@type\":\"ImageObject\",\"inLanguage\":\"en-US\",\"@id\":\"https:\/\/eyp.cz\/en\/events\/#\/schema\/logo\/image\/\",\"url\":\"https:\/\/eyp.cz\/en\/events\/wp-content\/uploads\/2023\/07\/RSC23_Color_cropped.png\",\"contentUrl\":\"https:\/\/eyp.cz\/en\/events\/wp-content\/uploads\/2023\/07\/RSC23_Color_cropped.png\",\"width\":785,\"height\":771,\"caption\":\"Events of EYP CZ\"},\"image\":{\"@id\":\"https:\/\/eyp.cz\/en\/events\/#\/schema\/logo\/image\/\"},\"sameAs\":[\"https:\/\/www.facebook.com\/rsc.eyp.cz\",\"https:\/\/www.instagram.com\/eyp_cz\/\"]}]}<\/script>\n<!-- \/ Yoast SEO plugin. -->","yoast_head_json":{"title":"LIT24 Panel Debate - Events of EYP CZ","robots":{"index":"index","follow":"follow","max-snippet":"max-snippet:-1","max-image-preview":"max-image-preview:large","max-video-preview":"max-video-preview:-1"},"canonical":"https:\/\/eyp.cz\/en\/events\/lit24\/programme\/lit24-panel-debate\/","og_locale":"en_US","og_type":"article","og_title":"LIT24 Panel Debate - Events of EYP CZ","og_description":"Panel Debate Hana Mart\u00ednkov\u00e1 Hana studied international relations at Charles University and economics at the University of Economics in Prague. She spent a year studying at Brunel University in London. Her passion for foreign affairs and international relations continued after her studies\u2014she co-founded the podcast Za Humny, where she and journalist Barbora Chaloupkov\u00e1 contextualize both [&hellip;]","og_url":"https:\/\/eyp.cz\/en\/events\/lit24\/programme\/lit24-panel-debate\/","og_site_name":"Events of EYP CZ","article_publisher":"https:\/\/www.facebook.com\/rsc.eyp.cz","article_modified_time":"2024-10-20T15:32:41+00:00","og_image":[{"url":"https:\/\/eyp.cz\/en\/events\/wp-content\/uploads\/2024\/10\/f02v32G5dMtbaF-yLvBJneDCj0GGpS2mN6TiyFNYCuNmj_LtdrqDlY6WL1CssbNPVlqNvZkmjD4w_h_QYMjTSp5LdCFzpQZePdrTPAAW6fHln5PgfqEZJwqbtlv7mKBV5cFDxC_q.jpg","type":"","width":"","height":""}],"twitter_card":"summary_large_image","twitter_misc":{"Est. reading time":"3 minutes"},"schema":{"@context":"https:\/\/schema.org","@graph":[{"@type":"WebPage","@id":"https:\/\/eyp.cz\/en\/events\/lit24\/programme\/lit24-panel-debate\/","url":"https:\/\/eyp.cz\/en\/events\/lit24\/programme\/lit24-panel-debate\/","name":"LIT24 Panel Debate - Events of EYP CZ","isPartOf":{"@id":"https:\/\/eyp.cz\/en\/events\/#website"},"primaryImageOfPage":{"@id":"https:\/\/eyp.cz\/en\/events\/lit24\/programme\/lit24-panel-debate\/#primaryimage"},"image":{"@id":"https:\/\/eyp.cz\/en\/events\/lit24\/programme\/lit24-panel-debate\/#primaryimage"},"thumbnailUrl":"https:\/\/eyp.cz\/en\/events\/wp-content\/uploads\/2024\/10\/f02v32G5dMtbaF-yLvBJneDCj0GGpS2mN6TiyFNYCuNmj_LtdrqDlY6WL1CssbNPVlqNvZkmjD4w_h_QYMjTSp5LdCFzpQZePdrTPAAW6fHln5PgfqEZJwqbtlv7mKBV5cFDxC_q.jpg","datePublished":"2024-10-18T21:43:14+00:00","dateModified":"2024-10-20T15:32:41+00:00","breadcrumb":{"@id":"https:\/\/eyp.cz\/en\/events\/lit24\/programme\/lit24-panel-debate\/#breadcrumb"},"inLanguage":"en-US","potentialAction":[{"@type":"ReadAction","target":["https:\/\/eyp.cz\/en\/events\/lit24\/programme\/lit24-panel-debate\/"]}]},{"@type":"ImageObject","inLanguage":"en-US","@id":"https:\/\/eyp.cz\/en\/events\/lit24\/programme\/lit24-panel-debate\/#primaryimage","url":"https:\/\/eyp.cz\/en\/events\/wp-content\/uploads\/2024\/10\/f02v32G5dMtbaF-yLvBJneDCj0GGpS2mN6TiyFNYCuNmj_LtdrqDlY6WL1CssbNPVlqNvZkmjD4w_h_QYMjTSp5LdCFzpQZePdrTPAAW6fHln5PgfqEZJwqbtlv7mKBV5cFDxC_q.jpg","contentUrl":"https:\/\/eyp.cz\/en\/events\/wp-content\/uploads\/2024\/10\/f02v32G5dMtbaF-yLvBJneDCj0GGpS2mN6TiyFNYCuNmj_LtdrqDlY6WL1CssbNPVlqNvZkmjD4w_h_QYMjTSp5LdCFzpQZePdrTPAAW6fHln5PgfqEZJwqbtlv7mKBV5cFDxC_q.jpg","width":350,"height":500},{"@type":"BreadcrumbList","@id":"https:\/\/eyp.cz\/en\/events\/lit24\/programme\/lit24-panel-debate\/#breadcrumb","itemListElement":[{"@type":"ListItem","position":1,"name":"Home","item":"https:\/\/eyp.cz\/en\/events\/"},{"@type":"ListItem","position":2,"name":"Litom\u011b\u0159ice 24","item":"https:\/\/eyp.cz\/en\/events\/lit24\/"},{"@type":"ListItem","position":3,"name":"LIT24 Session Programme","item":"https:\/\/eyp.cz\/en\/events\/lit24\/programme\/"},{"@type":"ListItem","position":4,"name":"LIT24 Panel Debate"}]},{"@type":"WebSite","@id":"https:\/\/eyp.cz\/en\/events\/#website","url":"https:\/\/eyp.cz\/en\/events\/","name":"Events of EYP CZ","description":"Regional Selection Conferences of EYP CZ 2024","publisher":{"@id":"https:\/\/eyp.cz\/en\/events\/#organization"},"potentialAction":[{"@type":"SearchAction","target":{"@type":"EntryPoint","urlTemplate":"https:\/\/eyp.cz\/en\/events\/?s={search_term_string}"},"query-input":{"@type":"PropertyValueSpecification","valueRequired":true,"valueName":"search_term_string"}}],"inLanguage":"en-US"},{"@type":"Organization","@id":"https:\/\/eyp.cz\/en\/events\/#organization","name":"Events of EYP CZ","url":"https:\/\/eyp.cz\/en\/events\/","logo":{"@type":"ImageObject","inLanguage":"en-US","@id":"https:\/\/eyp.cz\/en\/events\/#\/schema\/logo\/image\/","url":"https:\/\/eyp.cz\/en\/events\/wp-content\/uploads\/2023\/07\/RSC23_Color_cropped.png","contentUrl":"https:\/\/eyp.cz\/en\/events\/wp-content\/uploads\/2023\/07\/RSC23_Color_cropped.png","width":785,"height":771,"caption":"Events of EYP CZ"},"image":{"@id":"https:\/\/eyp.cz\/en\/events\/#\/schema\/logo\/image\/"},"sameAs":["https:\/\/www.facebook.com\/rsc.eyp.cz","https:\/\/www.instagram.com\/eyp_cz\/"]}]}},"_links":{"self":[{"href":"https:\/\/eyp.cz\/en\/events\/wp-json\/wp\/v2\/pages\/10579","targetHints":{"allow":["GET"]}}],"collection":[{"href":"https:\/\/eyp.cz\/en\/events\/wp-json\/wp\/v2\/pages"}],"about":[{"href":"https:\/\/eyp.cz\/en\/events\/wp-json\/wp\/v2\/types\/page"}],"author":[{"embeddable":true,"href":"https:\/\/eyp.cz\/en\/events\/wp-json\/wp\/v2\/users\/32"}],"replies":[{"embeddable":true,"href":"https:\/\/eyp.cz\/en\/events\/wp-json\/wp\/v2\/comments?post=10579"}],"version-history":[{"count":24,"href":"https:\/\/eyp.cz\/en\/events\/wp-json\/wp\/v2\/pages\/10579\/revisions"}],"predecessor-version":[{"id":11180,"href":"https:\/\/eyp.cz\/en\/events\/wp-json\/wp\/v2\/pages\/10579\/revisions\/11180"}],"up":[{"embeddable":true,"href":"https:\/\/eyp.cz\/en\/events\/wp-json\/wp\/v2\/pages\/10183"}],"wp:attachment":[{"href":"https:\/\/eyp.cz\/en\/events\/wp-json\/wp\/v2\/media?parent=10579"}],"curies":[{"name":"wp","href":"https:\/\/api.w.org\/{rel}","templated":true}]}}